{"id":17,"date":"2026-03-26T09:08:40","date_gmt":"2026-03-26T09:08:40","guid":{"rendered":"http:\/\/alvm.lu\/?page_id=17"},"modified":"2026-03-26T09:08:58","modified_gmt":"2026-03-26T09:08:58","slug":"presse","status":"publish","type":"page","link":"http:\/\/alvm.lu\/index.php\/presse\/","title":{"rendered":"Presse"},"content":{"rendered":"\n<p>Journ\u00e9e du Lait 2019: <a href=\"https:\/\/web.archive.org\/web\/20250623190953\/http:\/\/alvm.lu\/wp-content\/uploads\/2019\/06\/LVM-Flyer_MIlch-2019.pdf\">Flyer<\/a><\/p>\n\n\n\n<p>Journ\u00e9e du Lait 2018: <a href=\"https:\/\/web.archive.org\/web\/20250623190953\/http:\/\/alvm.lu\/wp-content\/uploads\/2018\/06\/lvm-flyer-2018.pdf\">Flyer<\/a><\/p>\n\n\n\n<p>Journ\u00e9e du Lait 2017: <a href=\"https:\/\/web.archive.org\/web\/20250623190953\/http:\/\/lvm-verband.lu\/wp-content\/uploads\/2012\/06\/lvm-flyer-2016-org1.pdf\">Flyer (de)<\/a><\/p>\n\n\n\n<p>Journ\u00e9e du Lait 2016: <a href=\"https:\/\/web.archive.org\/web\/20250623190953\/http:\/\/lvm-verband.lu\/wp-content\/uploads\/2016\/05\/lvm-flyer-2016-org1.pdf\">Flyer (de)&nbsp;<\/a><a href=\"https:\/\/web.archive.org\/web\/20250623190953\/http:\/\/lvm-verband.lu\/wp-content\/uploads\/2012\/06\/lvm-flyer-2016-francais.pdf\">Flyer (fr)<\/a><\/p>\n\n\n\n<p>Journ\u00e9e du Lait 2015:&nbsp;<a href=\"https:\/\/web.archive.org\/web\/20250623190953\/http:\/\/lvm-verband.lu\/wp-content\/uploads\/2012\/06\/lvm-flyer-2015-francais.pdf\">Flyer<\/a><\/p>\n\n\n\n<p>Journ\u00e9e du Lait 2014: <a href=\"https:\/\/web.archive.org\/web\/20250623190953\/http:\/\/lvm-verband.lu\/wp-content\/uploads\/2014\/07\/lvm-flyer-2014-2.pdf\">Flyer (de)<\/a> <a href=\"https:\/\/web.archive.org\/web\/20250623190953\/http:\/\/lvm-verband.lu\/wp-content\/uploads\/2014\/07\/lvm-flyer-2014-2-francais.pdf\">Flyer (fr)<\/a><\/p>\n\n\n\n<p>Journ\u00e9e du Lait 2013: <a href=\"https:\/\/web.archive.org\/web\/20250623190953\/http:\/\/lvm-verband.lu\/wp-content\/uploads\/2013\/06\/lvm-flyer-2013.pdf\">Flyer<\/a><\/p>\n\n\n\n<p>Journ\u00e9e du Lait 2012:&nbsp;<a href=\"https:\/\/web.archive.org\/web\/20250623190953\/http:\/\/lvm-verband.lu\/wp-content\/uploads\/2012\/12\/journee_du_lait-20122.pdf\">Flyer<\/a><\/p>\n\n\n\n<p>Journ\u00e9e du Lait 2011: <a href=\"https:\/\/web.archive.org\/web\/20250623190953\/http:\/\/lvm-verband.lu\/wp-content\/uploads\/2013\/03\/lvm-2011-flyer.pdf\" target=\"_blank\" rel=\"noreferrer noopener\">Flyer<\/a><\/p>\n\n\n\n<p>Journ\u00e9e du Lait 2010:&nbsp;<a href=\"https:\/\/web.archive.org\/web\/20250623190953\/http:\/\/lvm-verband.lu\/wp-content\/uploads\/2012\/12\/journee_du_lait-2010.pdf\">Flyer<\/a><\/p>\n\n\n\n<p>Journ\u00e9e du Lait 2009:&nbsp;<a href=\"https:\/\/web.archive.org\/web\/20250623190953\/http:\/\/lvm-verband.lu\/wp-content\/uploads\/2012\/12\/journee_du_lait-2009.pdf\">Flyer<\/a><\/p>\n\n\n\n<p>Journ\u00e9e du Lait 2008:&nbsp;<a href=\"https:\/\/web.archive.org\/web\/20250623190953\/http:\/\/lvm-verband.lu\/wp-content\/uploads\/2012\/12\/journee_du_lait-2008.pdf\">Flyer<\/a><\/p>\n\n\n\n<p>Berufsausbildung zum Milchtechnologen\/zur Milchtechnologin:&nbsp;<a href=\"https:\/\/web.archive.org\/web\/20250623190953\/http:\/\/lvm-verband.lu\/wp-content\/uploads\/2012\/12\/ausbildungsrahmenplan-Milchtechnologe.pdf\">Info<\/a><\/p>\n\n\n\n<p>Berufsbild&nbsp;Milchtechnologe:&nbsp;<a href=\"https:\/\/web.archive.org\/web\/20250623190953\/http:\/\/lvm-verband.lu\/wp-content\/uploads\/2012\/12\/berufsbild-milchtechnologe.pdf\">Info<\/a><\/p>\n\n\n\n<p>M\u00ebllech, e gesond a w\u00e4ertvollt Liewesm\u00ebttel <a href=\"https:\/\/web.archive.org\/web\/20250623190953\/http:\/\/lvm-verband.lu\/wp-content\/uploads\/2014\/10\/1_Page_1.jpg\">Page 1<\/a>, <a href=\"https:\/\/web.archive.org\/web\/20250623190953\/http:\/\/lvm-verband.lu\/wp-content\/uploads\/2014\/10\/1_Page_2.jpg\">Page 2<\/a><\/p>\n","protected":false},"excerpt":{"rendered":"<p>Journ\u00e9e du Lait 2019: Flyer Journ\u00e9e du Lait 2018: Flyer Journ\u00e9e du Lait 2017: Flyer (de) Journ\u00e9e du Lait 2016: Flyer (de)&nbsp;Flyer (fr) Journ\u00e9e du Lait 2015:&nbsp;Flyer Journ\u00e9e du Lait 2014: Flyer (de) Flyer (fr) Journ\u00e9e du Lait 2013: Flyer &hellip; <a href=\"http:\/\/alvm.lu\/index.php\/presse\/\">Continue reading <span class=\"meta-nav\">&rarr;<\/span><\/a><\/p>\n","protected":false},"author":1,"featured_media":0,"parent":0,"menu_order":4,"comment_status":"closed","ping_status":"closed","template":"","meta":{"footnotes":""},"class_list":["post-17","page","type-page","status-publish","hentry"],"_links":{"self":[{"href":"http:\/\/alvm.lu\/index.php\/wp-json\/wp\/v2\/pages\/17","targetHints":{"allow":["GET"]}}],"collection":[{"href":"http:\/\/alvm.lu\/index.php\/wp-json\/wp\/v2\/pages"}],"about":[{"href":"http:\/\/alvm.lu\/index.php\/wp-json\/wp\/v2\/types\/page"}],"author":[{"embeddable":true,"href":"http:\/\/alvm.lu\/index.php\/wp-json\/wp\/v2\/users\/1"}],"replies":[{"embeddable":true,"href":"http:\/\/alvm.lu\/index.php\/wp-json\/wp\/v2\/comments?post=17"}],"version-history":[{"count":1,"href":"http:\/\/alvm.lu\/index.php\/wp-json\/wp\/v2\/pages\/17\/revisions"}],"predecessor-version":[{"id":18,"href":"http:\/\/alvm.lu\/index.php\/wp-json\/wp\/v2\/pages\/17\/revisions\/18"}],"wp:attachment":[{"href":"http:\/\/alvm.lu\/index.php\/wp-json\/wp\/v2\/media?parent=17"}],"curies":[{"name":"wp","href":"https:\/\/api.w.org\/{rel}","templated":true}]}}