{"id":12,"date":"2026-03-26T09:07:30","date_gmt":"2026-03-26T09:07:30","guid":{"rendered":"http:\/\/alvm.lu\/?page_id=12"},"modified":"2026-03-26T09:07:40","modified_gmt":"2026-03-26T09:07:40","slug":"verband","status":"publish","type":"page","link":"http:\/\/alvm.lu\/index.php\/verband\/","title":{"rendered":"Verband"},"content":{"rendered":"\n<p>Am 12. Dezember 1985 wurde der \u201eL\u00ebtzebuerger Verband fir Molkereifachleit a M\u00ebllechwirtschaftler\u201c ( L.V.M.) gegr\u00fcndet. Der Zweck des Verbandes ist die soziale, berufliche und wirtschaftliche Betreuung aller Mitglieder, gegenseitige Hilfe und Beratung in allen Molkereifragen, Berufsberatung, Fach- und Lehrlingsausbildung, Fortbildung seiner Mitglieder und F\u00f6rderung des kollegialen Gedankens.<\/p>\n\n\n\n<p>Ein besonderes Anliegen war zur Gr\u00fcndungszeit die staatliche Anerkennung unseres Berufsstandes. Die Ausbildung in einem Molkereiberuf ist nur im Ausland m\u00f6glich.<\/p>\n\n\n\n<p>Seit seinem Bestehen hat der L.V.M. eine rege T\u00e4tigkeit entwickelt, so z.B. die Organisation von Fachvortr\u00e4gen und dem allj\u00e4hrlich stattfindenden \u201e Journ\u00e9e du Lait \u201c.<\/p>\n\n\n\n<p>Pr\u00e4sidenten des L.V.M. :<\/p>\n\n\n\n<ul class=\"wp-block-list\">\n<li>WEYDERT Raymond \u00a01985-1991<\/li>\n\n\n\n<li>HENTGEN Jean\u00a0\u00a0\u00a0\u00a0\u00a0\u00a0\u00a0\u00a0\u00a0 1991-1995<\/li>\n\n\n\n<li>ENSCH Albert \u00a0 \u00a0 \u00a0 \u00a0 \u00a0 \u00a0 1995-2000<\/li>\n\n\n\n<li>SCHILTZ Jos \u00a0 \u00a0 \u00a0 \u00a0 \u00a0 \u00a0 \u00a0 seit 2000<\/li>\n<\/ul>\n\n\n\n<p>Herr Raymond Weydert wurde am 20. September 1991 in L\u00fcbeck (D) zum Pr\u00e4sidenten einer Kommission ernannt, welche sich die Gr\u00fcndung eines europ\u00e4ischen Verbandes f\u00fcr Molkereifachleute zum Ziel gesetzt hat.<br>Es galt damals, im Rahmen der zunehmenden agrarpolitischen und der berufsorientierten Regelungen der Europ\u00e4ischen Gemeinschaft, die berufsst\u00e4ndischen Interessen der Molkereifachleute zu b\u00fcndeln und bei der EU-Kommission , dem Europ\u00e4ischen Parlament sowie auf der internationalen Ebene der Milchwirtschaft zu vertreten.<\/p>\n\n\n\n<p>Mit vielen erfolgreichen Initiativen hat Herr Weydert in seiner Amtszeit als Pr\u00e4sident den Europ\u00e4ischen Verband der Milchwirtschaftler gepr\u00e4gt und mit ihm europaweit beachtliches Ansehen gewonnen. Erw\u00e4hnt sei besonders die Herausgabe des von der EU gef\u00f6rderten Berufsausbildungspasses und Weiterbildungsausweises f\u00fcr die Milchwirtschaftler sowie die Schaffung von Leitlinien f\u00fcr ein Schulungsprogramm zur Europ\u00e4ischen Milchhygiene-Richtlinie 92\/46.<\/p>\n\n\n\n<p>Eine zukunftsorientierte Vorstellung war f\u00fcr ihn die Errichtung einer Datenbank f\u00fcr die Vergleichbarkeit der vielschichtigen Berufsausbildung in der Milchwirtschaft in Europa, ein europaweiter Praktikantenaustausch, sowie eine Bedarfsanalyse f\u00fcr das Fachpersonal in der Milchwirtschaft zur Sicherung eines geschulten und motivierten Nachwuchses. Mit einer mehrsprachigen Berufsausbildung in der globalisierten Milchwirtschaft er\u00f6ffnen sich f\u00fcr den Nachwuchs zus\u00e4tzliche Chancen.<\/p>\n\n\n\n<p>Nach acht Jahren erfolgreicher Aufbauarbeit f\u00fcr den Europ\u00e4ischen Verband der Milchwirtschaftler stellte sich Herr Raymond Weydert 1999 in Bozen nicht mehr zur Wiederwahl. Als Nachfolger wurde Jorgen Maltha Rasmussen (DK) nominiert.<\/p>\n\n\n\n<p>Herr Raymond Weydert verstarb am 20. Februar 2003.<\/p>\n","protected":false},"excerpt":{"rendered":"<p>Am 12. Dezember 1985 wurde der \u201eL\u00ebtzebuerger Verband fir Molkereifachleit a M\u00ebllechwirtschaftler\u201c ( L.V.M.) gegr\u00fcndet. Der Zweck des Verbandes ist die soziale, berufliche und wirtschaftliche Betreuung aller Mitglieder, gegenseitige Hilfe und Beratung in allen Molkereifragen, Berufsberatung, Fach- und Lehrlingsausbildung, Fortbildung &hellip; <a href=\"http:\/\/alvm.lu\/index.php\/verband\/\">Continue reading <span class=\"meta-nav\">&rarr;<\/span><\/a><\/p>\n","protected":false},"author":1,"featured_media":0,"parent":0,"menu_order":2,"comment_status":"closed","ping_status":"closed","template":"","meta":{"footnotes":""},"class_list":["post-12","page","type-page","status-publish","hentry"],"_links":{"self":[{"href":"http:\/\/alvm.lu\/index.php\/wp-json\/wp\/v2\/pages\/12","targetHints":{"allow":["GET"]}}],"collection":[{"href":"http:\/\/alvm.lu\/index.php\/wp-json\/wp\/v2\/pages"}],"about":[{"href":"http:\/\/alvm.lu\/index.php\/wp-json\/wp\/v2\/types\/page"}],"author":[{"embeddable":true,"href":"http:\/\/alvm.lu\/index.php\/wp-json\/wp\/v2\/users\/1"}],"replies":[{"embeddable":true,"href":"http:\/\/alvm.lu\/index.php\/wp-json\/wp\/v2\/comments?post=12"}],"version-history":[{"count":1,"href":"http:\/\/alvm.lu\/index.php\/wp-json\/wp\/v2\/pages\/12\/revisions"}],"predecessor-version":[{"id":13,"href":"http:\/\/alvm.lu\/index.php\/wp-json\/wp\/v2\/pages\/12\/revisions\/13"}],"wp:attachment":[{"href":"http:\/\/alvm.lu\/index.php\/wp-json\/wp\/v2\/media?parent=12"}],"curies":[{"name":"wp","href":"https:\/\/api.w.org\/{rel}","templated":true}]}}